{"id":939,"date":"2021-06-12T06:25:44","date_gmt":"2021-06-12T06:25:44","guid":{"rendered":"https:\/\/cerramientosdelacosta.com.uy\/index.php\/services\/"},"modified":"2024-01-16T15:36:37","modified_gmt":"2024-01-16T15:36:37","slug":"services","status":"publish","type":"page","link":"https:\/\/cerramientosdelacosta.com.uy\/index.php\/services\/","title":{"rendered":"Servicios"},"content":{"rendered":"\t\t<div data-elementor-type=\"wp-page\" data-elementor-id=\"939\" class=\"elementor elementor-939\">\n\t\t\t\t<div class=\"elementor-element elementor-element-0ac9d44 e-flex e-con-boxed e-con e-parent\" data-id=\"0ac9d44\" data-element_type=\"container\" data-e-type=\"container\" data-settings=\"{&quot;background_background&quot;:&quot;classic&quot;}\">\n\t\t\t\t\t<div class=\"e-con-inner\">\n\t\t<div class=\"elementor-element elementor-element-de3bad6 e-con-full e-flex e-con e-child\" data-id=\"de3bad6\" data-element_type=\"container\" data-e-type=\"container\">\n\t\t\t\t<div class=\"elementor-element elementor-element-ad72e4f elementor-widget elementor-widget-heading\" data-id=\"ad72e4f\" data-element_type=\"widget\" data-e-type=\"widget\" data-widget_type=\"heading.default\">\n\t\t\t\t<div class=\"elementor-widget-container\">\n\t\t\t\t\t<h1 class=\"elementor-heading-title elementor-size-default\">Servicios<\/h1>\t\t\t\t<\/div>\n\t\t\t\t<\/div>\n\t\t\t\t<\/div>\n\t\t\t\t\t<\/div>\n\t\t\t\t<\/div>\n\t\t<div class=\"elementor-element elementor-element-84e5eb4 e-flex e-con-boxed e-con e-parent\" data-id=\"84e5eb4\" data-element_type=\"container\" data-e-type=\"container\" data-settings=\"{&quot;background_background&quot;:&quot;classic&quot;}\">\n\t\t\t\t\t<div class=\"e-con-inner\">\n\t\t<div class=\"elementor-element elementor-element-ebb2f07 e-con-full e-flex e-con e-child\" data-id=\"ebb2f07\" data-element_type=\"container\" data-e-type=\"container\">\n\t\t\t\t<div class=\"elementor-element elementor-element-ef26ff0 elementor-widget elementor-widget-heading\" data-id=\"ef26ff0\" data-element_type=\"widget\" data-e-type=\"widget\" data-widget_type=\"heading.default\">\n\t\t\t\t<div class=\"elementor-widget-container\">\n\t\t\t\t\t<h6 class=\"elementor-heading-title elementor-size-default\">Nuestros Servicios<\/h6>\t\t\t\t<\/div>\n\t\t\t\t<\/div>\n\t\t\t\t<div class=\"elementor-element elementor-element-4dd7fe9 elementor-widget elementor-widget-heading\" data-id=\"4dd7fe9\" data-element_type=\"widget\" data-e-type=\"widget\" data-widget_type=\"heading.default\">\n\t\t\t\t<div class=\"elementor-widget-container\">\n\t\t\t\t\t<h2 class=\"elementor-heading-title elementor-size-default\">Confia en nuestra experiencia<\/h2>\t\t\t\t<\/div>\n\t\t\t\t<\/div>\n\t\t<div class=\"elementor-element elementor-element-9b2f3c1 e-flex e-con-boxed e-con e-child\" data-id=\"9b2f3c1\" data-element_type=\"container\" data-e-type=\"container\">\n\t\t\t\t\t<div class=\"e-con-inner\">\n\t\t\t\t<div class=\"elementor-element elementor-element-1d70f17 elementor-widget__width-initial elementor-widget-tablet__width-initial elementor-widget-mobile__width-inherit elementor-position-top elementor-widget elementor-widget-image-box\" data-id=\"1d70f17\" data-element_type=\"widget\" data-e-type=\"widget\" data-widget_type=\"image-box.default\">\n\t\t\t\t<div class=\"elementor-widget-container\">\n\t\t\t\t\t<div class=\"elementor-image-box-wrapper\"><figure class=\"elementor-image-box-img\"><img fetchpriority=\"high\" decoding=\"async\" width=\"732\" height=\"522\" src=\"https:\/\/cerramientosdelacosta.com.uy\/wp-content\/uploads\/2023\/12\/9.png\" class=\"attachment-full size-full wp-image-1495\" alt=\"\" srcset=\"https:\/\/cerramientosdelacosta.com.uy\/wp-content\/uploads\/2023\/12\/9.png 732w, https:\/\/cerramientosdelacosta.com.uy\/wp-content\/uploads\/2023\/12\/9-300x214.png 300w\" sizes=\"(max-width: 732px) 100vw, 732px\" \/><\/figure><div class=\"elementor-image-box-content\"><h4 class=\"elementor-image-box-title\">Cerramientos en PVC<\/h4><p class=\"elementor-image-box-description\">Nos especializamos en ofrecer soluciones de cerramientos de PVC de alta calidad. Con un enfoque centrado en la durabilidad y la est\u00e9tica.<\/p><\/div><\/div>\t\t\t\t<\/div>\n\t\t\t\t<\/div>\n\t\t\t\t<div class=\"elementor-element elementor-element-bfe6c5d elementor-widget__width-initial elementor-widget-tablet__width-initial elementor-widget-mobile__width-inherit elementor-position-top elementor-widget elementor-widget-image-box\" data-id=\"bfe6c5d\" data-element_type=\"widget\" data-e-type=\"widget\" data-widget_type=\"image-box.default\">\n\t\t\t\t<div class=\"elementor-widget-container\">\n\t\t\t\t\t<div class=\"elementor-image-box-wrapper\"><figure class=\"elementor-image-box-img\"><img decoding=\"async\" width=\"732\" height=\"522\" src=\"https:\/\/cerramientosdelacosta.com.uy\/wp-content\/uploads\/2023\/12\/2.png\" class=\"attachment-full size-full wp-image-1496\" alt=\"\" srcset=\"https:\/\/cerramientosdelacosta.com.uy\/wp-content\/uploads\/2023\/12\/2.png 732w, https:\/\/cerramientosdelacosta.com.uy\/wp-content\/uploads\/2023\/12\/2-300x214.png 300w\" sizes=\"(max-width: 732px) 100vw, 732px\" \/><\/figure><div class=\"elementor-image-box-content\"><h4 class=\"elementor-image-box-title\">Cerramientos de Piscinas<\/h4><p class=\"elementor-image-box-description\">Realizamos cerramientos para piscinas \ud83c\udfca para proteger tu pileta y convertirla en un espacio utilizable durante la \u00e9poca de fr\u00edo \u2744\ufe0f\ud83c\udf43<\/p><\/div><\/div>\t\t\t\t<\/div>\n\t\t\t\t<\/div>\n\t\t\t\t<div class=\"elementor-element elementor-element-44180fc elementor-widget__width-initial elementor-widget-tablet__width-initial elementor-widget-mobile__width-inherit elementor-position-top elementor-widget elementor-widget-image-box\" data-id=\"44180fc\" data-element_type=\"widget\" data-e-type=\"widget\" data-widget_type=\"image-box.default\">\n\t\t\t\t<div class=\"elementor-widget-container\">\n\t\t\t\t\t<div class=\"elementor-image-box-wrapper\"><figure class=\"elementor-image-box-img\"><img decoding=\"async\" width=\"732\" height=\"522\" src=\"https:\/\/cerramientosdelacosta.com.uy\/wp-content\/uploads\/2023\/12\/5.png\" class=\"attachment-full size-full wp-image-1497\" alt=\"\" srcset=\"https:\/\/cerramientosdelacosta.com.uy\/wp-content\/uploads\/2023\/12\/5.png 732w, https:\/\/cerramientosdelacosta.com.uy\/wp-content\/uploads\/2023\/12\/5-300x214.png 300w\" sizes=\"(max-width: 732px) 100vw, 732px\" \/><\/figure><div class=\"elementor-image-box-content\"><h4 class=\"elementor-image-box-title\">Cerramientos de Barbacoas<\/h4><p class=\"elementor-image-box-description\">Que el fr\u00edo \ud83e\udd76 no te impida aprovechar todos los espacios de tu hogar \ud83c\udfe1.<\/p><\/div><\/div>\t\t\t\t<\/div>\n\t\t\t\t<\/div>\n\t\t\t\t<div class=\"elementor-element elementor-element-765c411 elementor-widget__width-initial elementor-widget-tablet__width-initial elementor-widget-mobile__width-inherit elementor-position-top elementor-widget elementor-widget-image-box\" data-id=\"765c411\" data-element_type=\"widget\" data-e-type=\"widget\" data-widget_type=\"image-box.default\">\n\t\t\t\t<div class=\"elementor-widget-container\">\n\t\t\t\t\t<div class=\"elementor-image-box-wrapper\"><figure class=\"elementor-image-box-img\"><img loading=\"lazy\" decoding=\"async\" width=\"732\" height=\"522\" src=\"https:\/\/cerramientosdelacosta.com.uy\/wp-content\/uploads\/2023\/12\/4.png\" class=\"attachment-full size-full wp-image-1498\" alt=\"\" srcset=\"https:\/\/cerramientosdelacosta.com.uy\/wp-content\/uploads\/2023\/12\/4.png 732w, https:\/\/cerramientosdelacosta.com.uy\/wp-content\/uploads\/2023\/12\/4-300x214.png 300w\" sizes=\"(max-width: 732px) 100vw, 732px\" \/><\/figure><div class=\"elementor-image-box-content\"><h4 class=\"elementor-image-box-title\">Decks de madera<\/h4><p class=\"elementor-image-box-description\">Dise\u00f1amos y construimos deck's y p\u00e9rgolas de madera con pasi\u00f3n y experiencia.<\/p><\/div><\/div>\t\t\t\t<\/div>\n\t\t\t\t<\/div>\n\t\t\t\t<div class=\"elementor-element elementor-element-9cd1795 elementor-widget__width-initial elementor-widget-tablet__width-initial elementor-widget-mobile__width-inherit elementor-position-top elementor-widget elementor-widget-image-box\" data-id=\"9cd1795\" data-element_type=\"widget\" data-e-type=\"widget\" data-widget_type=\"image-box.default\">\n\t\t\t\t<div class=\"elementor-widget-container\">\n\t\t\t\t\t<div class=\"elementor-image-box-wrapper\"><figure class=\"elementor-image-box-img\"><img loading=\"lazy\" decoding=\"async\" width=\"732\" height=\"522\" src=\"https:\/\/cerramientosdelacosta.com.uy\/wp-content\/uploads\/2023\/12\/portones.png\" class=\"attachment-full size-full wp-image-1436\" alt=\"\" srcset=\"https:\/\/cerramientosdelacosta.com.uy\/wp-content\/uploads\/2023\/12\/portones.png 732w, https:\/\/cerramientosdelacosta.com.uy\/wp-content\/uploads\/2023\/12\/portones-300x214.png 300w\" sizes=\"(max-width: 732px) 100vw, 732px\" \/><\/figure><div class=\"elementor-image-box-content\"><h4 class=\"elementor-image-box-title\">Portones de Hierro &amp; Madera<\/h4><p class=\"elementor-image-box-description\">Fabricantes de portones de hierro y madera.<\/p><\/div><\/div>\t\t\t\t<\/div>\n\t\t\t\t<\/div>\n\t\t\t\t<div class=\"elementor-element elementor-element-3a2ab3a elementor-widget__width-initial elementor-widget-tablet__width-initial elementor-widget-mobile__width-inherit elementor-position-top elementor-widget elementor-widget-image-box\" data-id=\"3a2ab3a\" data-element_type=\"widget\" data-e-type=\"widget\" data-widget_type=\"image-box.default\">\n\t\t\t\t<div class=\"elementor-widget-container\">\n\t\t\t\t\t<div class=\"elementor-image-box-wrapper\"><figure class=\"elementor-image-box-img\"><img loading=\"lazy\" decoding=\"async\" width=\"732\" height=\"522\" src=\"https:\/\/cerramientosdelacosta.com.uy\/wp-content\/uploads\/2023\/12\/6-1.png\" class=\"attachment-full size-full wp-image-1499\" alt=\"\" srcset=\"https:\/\/cerramientosdelacosta.com.uy\/wp-content\/uploads\/2023\/12\/6-1.png 732w, https:\/\/cerramientosdelacosta.com.uy\/wp-content\/uploads\/2023\/12\/6-1-300x214.png 300w\" sizes=\"(max-width: 732px) 100vw, 732px\" \/><\/figure><div class=\"elementor-image-box-content\"><h4 class=\"elementor-image-box-title\">P\u00e9rgolas de Madera<\/h4><p class=\"elementor-image-box-description\">\u2705 P\u00e9rgolas de madera y techos de policarbonato para tu jard\u00edn.\n\u2705 Somos fabricantes: Madera nacional, madera importada.<\/p><\/div><\/div>\t\t\t\t<\/div>\n\t\t\t\t<\/div>\n\t\t\t\t\t<\/div>\n\t\t\t\t<\/div>\n\t\t<div class=\"elementor-element elementor-element-3f1d0b6 e-flex e-con-boxed e-con e-child\" data-id=\"3f1d0b6\" data-element_type=\"container\" data-e-type=\"container\">\n\t\t\t\t\t<div class=\"e-con-inner\">\n\t\t\t\t<div class=\"elementor-element elementor-element-b2b2081 elementor-widget__width-initial elementor-widget-tablet__width-initial elementor-widget-mobile__width-inherit elementor-position-top elementor-widget elementor-widget-image-box\" data-id=\"b2b2081\" data-element_type=\"widget\" data-e-type=\"widget\" data-widget_type=\"image-box.default\">\n\t\t\t\t<div class=\"elementor-widget-container\">\n\t\t\t\t\t<div class=\"elementor-image-box-wrapper\"><figure class=\"elementor-image-box-img\"><img loading=\"lazy\" decoding=\"async\" width=\"732\" height=\"522\" src=\"https:\/\/cerramientosdelacosta.com.uy\/wp-content\/uploads\/2023\/12\/3.png\" class=\"attachment-full size-full wp-image-1500\" alt=\"\" srcset=\"https:\/\/cerramientosdelacosta.com.uy\/wp-content\/uploads\/2023\/12\/3.png 732w, https:\/\/cerramientosdelacosta.com.uy\/wp-content\/uploads\/2023\/12\/3-300x214.png 300w\" sizes=\"(max-width: 732px) 100vw, 732px\" \/><\/figure><div class=\"elementor-image-box-content\"><h4 class=\"elementor-image-box-title\">Muros premoldeados<\/h4><p class=\"elementor-image-box-description\">Hacemos muros premoldeados lisos y de ladrillos \ud83e\uddf1 en tu hogar o terreno \ud83c\udfe0<\/p><\/div><\/div>\t\t\t\t<\/div>\n\t\t\t\t<\/div>\n\t\t\t\t<div class=\"elementor-element elementor-element-06f2751 elementor-widget__width-initial elementor-widget-tablet__width-initial elementor-widget-mobile__width-inherit elementor-position-top elementor-widget elementor-widget-image-box\" data-id=\"06f2751\" data-element_type=\"widget\" data-e-type=\"widget\" data-widget_type=\"image-box.default\">\n\t\t\t\t<div class=\"elementor-widget-container\">\n\t\t\t\t\t<div class=\"elementor-image-box-wrapper\"><figure class=\"elementor-image-box-img\"><img loading=\"lazy\" decoding=\"async\" width=\"732\" height=\"522\" src=\"https:\/\/cerramientosdelacosta.com.uy\/wp-content\/uploads\/2023\/12\/8.png\" class=\"attachment-full size-full wp-image-1501\" alt=\"\" srcset=\"https:\/\/cerramientosdelacosta.com.uy\/wp-content\/uploads\/2023\/12\/8.png 732w, https:\/\/cerramientosdelacosta.com.uy\/wp-content\/uploads\/2023\/12\/8-300x214.png 300w\" sizes=\"(max-width: 732px) 100vw, 732px\" \/><\/figure><div class=\"elementor-image-box-content\"><h4 class=\"elementor-image-box-title\">Herrer\u00eda &amp; Herrer\u00eda de Aluminio<\/h4><p class=\"elementor-image-box-description\">Trabajos de herrer\u00eda \u2705 en puertas \ud83d\udeaa,ventanas \ud83e\ude9fy rejas para tu hogar \ud83c\udfe1 y comercio \ud83c\udfea<\/p><\/div><\/div>\t\t\t\t<\/div>\n\t\t\t\t<\/div>\n\t\t\t\t<div class=\"elementor-element elementor-element-33aca70 elementor-widget__width-initial elementor-widget-tablet__width-initial elementor-widget-mobile__width-inherit elementor-position-top elementor-widget elementor-widget-image-box\" data-id=\"33aca70\" data-element_type=\"widget\" data-e-type=\"widget\" data-widget_type=\"image-box.default\">\n\t\t\t\t<div class=\"elementor-widget-container\">\n\t\t\t\t\t<div class=\"elementor-image-box-wrapper\"><figure class=\"elementor-image-box-img\"><img loading=\"lazy\" decoding=\"async\" width=\"732\" height=\"522\" src=\"https:\/\/cerramientosdelacosta.com.uy\/wp-content\/uploads\/2023\/12\/7.png\" class=\"attachment-full size-full wp-image-1502\" alt=\"\" srcset=\"https:\/\/cerramientosdelacosta.com.uy\/wp-content\/uploads\/2023\/12\/7.png 732w, https:\/\/cerramientosdelacosta.com.uy\/wp-content\/uploads\/2023\/12\/7-300x214.png 300w\" sizes=\"(max-width: 732px) 100vw, 732px\" \/><\/figure><div class=\"elementor-image-box-content\"><h4 class=\"elementor-image-box-title\">Rejas &amp; Puertas Rejas<\/h4><p class=\"elementor-image-box-description\">Trabajos de herrer\u00eda de alta calidad \u261d\ud83c\udffb\u2705. Puertas \ud83d\udeaa, ventanas \ud83e\ude9f y rejas para tu hogar \ud83c\udfe1 y comercio \ud83c\udfea con el sello de excelencia que nos caracteriza.<\/p><\/div><\/div>\t\t\t\t<\/div>\n\t\t\t\t<\/div>\n\t\t\t\t\t<\/div>\n\t\t\t\t<\/div>\n\t\t\t\t<\/div>\n\t\t\t\t\t<\/div>\n\t\t\t\t<\/div>\n\t\t\t\t<\/div>\n\t\t","protected":false},"excerpt":{"rendered":"<p>Servicios Nuestros Servicios Confia en nuestra experiencia Cerramientos en PVC Nos especializamos en ofrecer soluciones de cerramientos de PVC de alta calidad. Con un enfoque centrado en la durabilidad y la est\u00e9tica. Cerramientos de Piscinas Realizamos cerramientos para piscinas \ud83c\udfca para proteger tu pileta y convertirla en un espacio utilizable durante la \u00e9poca de fr\u00edo [&hellip;]<\/p>\n","protected":false},"author":1,"featured_media":0,"parent":0,"menu_order":0,"comment_status":"closed","ping_status":"closed","template":"","meta":{"site-sidebar-layout":"no-sidebar","site-content-layout":"page-builder","ast-site-content-layout":"full-width-container","site-content-style":"unboxed","site-sidebar-style":"unboxed","ast-global-header-display":"","ast-banner-title-visibility":"","ast-main-header-display":"","ast-hfb-above-header-display":"","ast-hfb-below-header-display":"","ast-hfb-mobile-header-display":"","site-post-title":"disabled","ast-breadcrumbs-content":"disabled","ast-featured-img":"disabled","footer-sml-layout":"","ast-disable-related-posts":"","theme-transparent-header-meta":"enabled","adv-header-id-meta":"","stick-header-meta":"","header-above-stick-meta":"","header-main-stick-meta":"","header-below-stick-meta":"","astra-migrate-meta-layouts":"set","ast-page-background-enabled":"default","ast-page-background-meta":{"desktop":{"background-color":"","background-image":"","background-repeat":"repeat","background-position":"center center","background-size":"auto","background-attachment":"scroll","background-type":"","background-media":"","overlay-type":"","overlay-color":"","overlay-opacity":"","overlay-gradient":""},"tablet":{"background-color":"","background-image":"","background-repeat":"repeat","background-position":"center center","background-size":"auto","background-attachment":"scroll","background-type":"","background-media":"","overlay-type":"","overlay-color":"","overlay-opacity":"","overlay-gradient":""},"mobile":{"background-color":"","background-image":"","background-repeat":"repeat","background-position":"center center","background-size":"auto","background-attachment":"scroll","background-type":"","background-media":"","overlay-type":"","overlay-color":"","overlay-opacity":"","overlay-gradient":""}},"ast-content-background-meta":{"desktop":{"background-color":"var(--ast-global-color-5)","background-image":"","background-repeat":"repeat","background-position":"center center","background-size":"auto","background-attachment":"scroll","background-type":"","background-media":"","overlay-type":"","overlay-color":"","overlay-opacity":"","overlay-gradient":""},"tablet":{"background-color":"var(--ast-global-color-5)","background-image":"","background-repeat":"repeat","background-position":"center center","background-size":"auto","background-attachment":"scroll","background-type":"","background-media":"","overlay-type":"","overlay-color":"","overlay-opacity":"","overlay-gradient":""},"mobile":{"background-color":"var(--ast-global-color-5)","background-image":"","background-repeat":"repeat","background-position":"center center","background-size":"auto","background-attachment":"scroll","background-type":"","background-media":"","overlay-type":"","overlay-color":"","overlay-opacity":"","overlay-gradient":""}},"footnotes":""},"class_list":["post-939","page","type-page","status-publish","hentry"],"_links":{"self":[{"href":"https:\/\/cerramientosdelacosta.com.uy\/index.php\/wp-json\/wp\/v2\/pages\/939","targetHints":{"allow":["GET"]}}],"collection":[{"href":"https:\/\/cerramientosdelacosta.com.uy\/index.php\/wp-json\/wp\/v2\/pages"}],"about":[{"href":"https:\/\/cerramientosdelacosta.com.uy\/index.php\/wp-json\/wp\/v2\/types\/page"}],"author":[{"embeddable":true,"href":"https:\/\/cerramientosdelacosta.com.uy\/index.php\/wp-json\/wp\/v2\/users\/1"}],"replies":[{"embeddable":true,"href":"https:\/\/cerramientosdelacosta.com.uy\/index.php\/wp-json\/wp\/v2\/comments?post=939"}],"version-history":[{"count":49,"href":"https:\/\/cerramientosdelacosta.com.uy\/index.php\/wp-json\/wp\/v2\/pages\/939\/revisions"}],"predecessor-version":[{"id":1675,"href":"https:\/\/cerramientosdelacosta.com.uy\/index.php\/wp-json\/wp\/v2\/pages\/939\/revisions\/1675"}],"wp:attachment":[{"href":"https:\/\/cerramientosdelacosta.com.uy\/index.php\/wp-json\/wp\/v2\/media?parent=939"}],"curies":[{"name":"wp","href":"https:\/\/api.w.org\/{rel}","templated":true}]}}